{"id":6,"date":"2021-02-23T10:03:28","date_gmt":"2021-02-23T10:03:28","guid":{"rendered":"https:\/\/romanomuseum.com\/wp\/home\/"},"modified":"2026-02-26T08:52:44","modified_gmt":"2026-02-26T08:52:44","slug":"acasa","status":"publish","type":"page","link":"https:\/\/romanomuseum.com\/en\/","title":{"rendered":"Acasa"},"content":{"rendered":"<div data-elementor-type=\"wp-page\" data-elementor-id=\"6\" class=\"elementor elementor-6\">\n\t\t\t\t\t\t<section class=\"elementor-section elementor-top-section elementor-element elementor-element-0edef81 elementor-section-height-min-height elementor-section-boxed elementor-section-height-default elementor-section-items-middle\" data-id=\"0edef81\" data-element_type=\"section\" data-e-type=\"section\" data-settings=\"{&quot;background_background&quot;:&quot;video&quot;,&quot;background_video_link&quot;:&quot;https:\\\/\\\/youtu.be\\\/WQNeOx-u6pM&quot;,&quot;background_video_start&quot;:0,&quot;background_play_on_mobile&quot;:&quot;yes&quot;}\">\n\t\t\t\t\t\t\t\t<div class=\"elementor-background-video-container\">\n\t\t\t\t\t\t\t\t\t\t\t\t\t<div class=\"elementor-background-video-embed\" role=\"presentation\"><\/div>\n\t\t\t\t\t\t\t\t\t\t\t\t<\/div>\n\t\t\t\t\t\t\t\t\t<div class=\"elementor-background-overlay\"><\/div>\n\t\t\t\t\t\t\t<div class=\"elementor-container elementor-column-gap-default\">\n\t\t\t\t\t<div class=\"elementor-column elementor-col-100 elementor-top-column elementor-element elementor-element-7c995dc\" data-id=\"7c995dc\" data-element_type=\"column\" data-e-type=\"column\">\n\t\t\t<div class=\"elementor-widget-wrap elementor-element-populated\">\n\t\t\t\t\t\t<div class=\"elementor-element elementor-element-d966fea animated-slow elementor-invisible elementor-widget elementor-widget-heading\" data-id=\"d966fea\" data-element_type=\"widget\" data-e-type=\"widget\" data-settings=\"{&quot;_animation&quot;:&quot;fadeIn&quot;}\" data-widget_type=\"heading.default\">\n\t\t\t\t<div class=\"elementor-widget-container\">\n\t\t\t\t\t<h4 class=\"elementor-heading-title elementor-size-default\">We can do more Together!<\/h4>\t\t\t\t<\/div>\n\t\t\t\t<\/div>\n\t\t\t\t<section class=\"elementor-section elementor-inner-section elementor-element elementor-element-b436832 elementor-section-boxed elementor-section-height-default elementor-section-height-default\" data-id=\"b436832\" data-element_type=\"section\" data-e-type=\"section\">\n\t\t\t\t\t\t<div class=\"elementor-container elementor-column-gap-no\">\n\t\t\t\t\t<div class=\"elementor-column elementor-col-100 elementor-inner-column elementor-element elementor-element-639fdac\" data-id=\"639fdac\" data-element_type=\"column\" data-e-type=\"column\">\n\t\t\t<div class=\"elementor-widget-wrap elementor-element-populated\">\n\t\t\t\t\t\t<div class=\"elementor-element elementor-element-54356c4 elementor-invisible elementor-widget elementor-widget-heading\" data-id=\"54356c4\" data-element_type=\"widget\" data-e-type=\"widget\" data-settings=\"{&quot;_animation&quot;:&quot;fadeInUp&quot;}\" data-widget_type=\"heading.default\">\n\t\t\t\t<div class=\"elementor-widget-container\">\n\t\t\t\t\t<h1 class=\"elementor-heading-title elementor-size-default\">Virtual Museum of Roma Culture<\/h1>\t\t\t\t<\/div>\n\t\t\t\t<\/div>\n\t\t\t\t\t<\/div>\n\t\t<\/div>\n\t\t\t\t\t<\/div>\n\t\t<\/section>\n\t\t\t\t<section class=\"elementor-section elementor-inner-section elementor-element elementor-element-68b55fb elementor-section-boxed elementor-section-height-default elementor-section-height-default\" data-id=\"68b55fb\" data-element_type=\"section\" data-e-type=\"section\">\n\t\t\t\t\t\t<div class=\"elementor-container elementor-column-gap-default\">\n\t\t\t\t\t<div class=\"elementor-column elementor-col-100 elementor-inner-column elementor-element elementor-element-3aea7c7\" data-id=\"3aea7c7\" data-element_type=\"column\" data-e-type=\"column\">\n\t\t\t<div class=\"elementor-widget-wrap elementor-element-populated\">\n\t\t\t\t\t\t<div class=\"elementor-element elementor-element-d1f85ad elementor-align-center animated-slow elementor-tablet-align-center elementor-invisible elementor-widget elementor-widget-button\" data-id=\"d1f85ad\" data-element_type=\"widget\" data-e-type=\"widget\" data-settings=\"{&quot;_animation&quot;:&quot;fadeIn&quot;,&quot;_animation_delay&quot;:1000}\" data-widget_type=\"button.default\">\n\t\t\t\t<div class=\"elementor-widget-container\">\n\t\t\t\t\t\t\t\t\t<div class=\"elementor-button-wrapper\">\n\t\t\t\t\t<a class=\"elementor-button elementor-button-link elementor-size-sm\" href=\"https:\/\/muzeuvr.romanomuseum.com\/en\/\">\n\t\t\t\t\t\t<span class=\"elementor-button-content-wrapper\">\n\t\t\t\t\t\t\t\t\t<span class=\"elementor-button-text\">Enter Museum<\/span>\n\t\t\t\t\t<\/span>\n\t\t\t\t\t<\/a>\n\t\t\t\t<\/div>\n\t\t\t\t\t\t\t\t<\/div>\n\t\t\t\t<\/div>\n\t\t\t\t\t<\/div>\n\t\t<\/div>\n\t\t\t\t\t<\/div>\n\t\t<\/section>\n\t\t\t\t\t<\/div>\n\t\t<\/div>\n\t\t\t\t\t<\/div>\n\t\t<\/section>\n\t\t\t\t<section class=\"elementor-section elementor-top-section elementor-element elementor-element-a489b34 elementor-section-boxed elementor-section-height-default elementor-section-height-default\" data-id=\"a489b34\" data-element_type=\"section\" data-e-type=\"section\" data-settings=\"{&quot;background_background&quot;:&quot;classic&quot;,&quot;shape_divider_top&quot;:&quot;pyramids&quot;}\">\n\t\t\t\t\t\t\t<div class=\"elementor-background-overlay\"><\/div>\n\t\t\t\t\t\t<div class=\"elementor-shape elementor-shape-top\" aria-hidden=\"true\" data-negative=\"false\">\n\t\t\t<svg xmlns=\"http:\/\/www.w3.org\/2000\/svg\" viewbox=\"0 0 1000 100\" preserveaspectratio=\"none\">\n\t<path class=\"elementor-shape-fill\" d=\"M761.9,44.1L643.1,27.2L333.8,98L0,3.8V0l1000,0v3.9\"\/>\n<\/svg>\t\t<\/div>\n\t\t\t\t\t<div class=\"elementor-container elementor-column-gap-no\">\n\t\t\t\t\t<div class=\"elementor-column elementor-col-100 elementor-top-column elementor-element elementor-element-eda59d5\" data-id=\"eda59d5\" data-element_type=\"column\" data-e-type=\"column\">\n\t\t\t<div class=\"elementor-widget-wrap elementor-element-populated\">\n\t\t\t\t\t\t<section class=\"elementor-section elementor-inner-section elementor-element elementor-element-04c71c9 elementor-section-boxed elementor-section-height-default elementor-section-height-default\" data-id=\"04c71c9\" data-element_type=\"section\" data-e-type=\"section\">\n\t\t\t\t\t\t<div class=\"elementor-container elementor-column-gap-no\">\n\t\t\t\t\t<div class=\"elementor-column elementor-col-50 elementor-inner-column elementor-element elementor-element-bf7a4aa\" data-id=\"bf7a4aa\" data-element_type=\"column\" data-e-type=\"column\">\n\t\t\t<div class=\"elementor-widget-wrap elementor-element-populated\">\n\t\t\t\t\t\t<div class=\"elementor-element elementor-element-965223e elementor-invisible elementor-widget elementor-widget-heading\" data-id=\"965223e\" data-element_type=\"widget\" data-e-type=\"widget\" data-settings=\"{&quot;_animation&quot;:&quot;fadeInUp&quot;}\" data-widget_type=\"heading.default\">\n\t\t\t\t<div class=\"elementor-widget-container\">\n\t\t\t\t\t<h6 class=\"elementor-heading-title elementor-size-default\">About the Museum<\/h6>\t\t\t\t<\/div>\n\t\t\t\t<\/div>\n\t\t\t\t<div class=\"elementor-element elementor-element-7b7be1d elementor-invisible elementor-widget elementor-widget-heading\" data-id=\"7b7be1d\" data-element_type=\"widget\" data-e-type=\"widget\" data-settings=\"{&quot;_animation&quot;:&quot;fadeInUp&quot;}\" data-widget_type=\"heading.default\">\n\t\t\t\t<div class=\"elementor-widget-container\">\n\t\t\t\t\t<h2 class=\"elementor-heading-title elementor-size-default\">An initiative that helps preserve, promote and develop Roma culture.<\/h2>\t\t\t\t<\/div>\n\t\t\t\t<\/div>\n\t\t\t\t<div class=\"elementor-element elementor-element-06507d5 elementor-invisible elementor-widget elementor-widget-text-editor\" data-id=\"06507d5\" data-element_type=\"widget\" data-e-type=\"widget\" data-settings=\"{&quot;_animation&quot;:&quot;fadeInUp&quot;}\" data-widget_type=\"text-editor.default\">\n\t\t\t\t<div class=\"elementor-widget-container\">\n\t\t\t\t\t\t\t\t\t<p>In the absence of a physical museum, I considered it very important to create a virtual museum of Roma culture, which can be visited both by Roma and non-Roma from Romania, as well as by Roma and non-Roma from any corner of the planet, a fact that makes it, the little by the degree of accessibility, even more important than a physical museum. <br \/>The Virtual Museum of Roma Culture was created within the project \"We can do more Together!\".<\/p>\t\t\t\t\t\t\t\t<\/div>\n\t\t\t\t<\/div>\n\t\t\t\t<div class=\"elementor-element elementor-element-cb68f19 elementor-mobile-align-center elementor-invisible elementor-widget elementor-widget-button\" data-id=\"cb68f19\" data-element_type=\"widget\" data-e-type=\"widget\" data-settings=\"{&quot;_animation&quot;:&quot;fadeIn&quot;}\" data-widget_type=\"button.default\">\n\t\t\t\t<div class=\"elementor-widget-container\">\n\t\t\t\t\t\t\t\t\t<div class=\"elementor-button-wrapper\">\n\t\t\t\t\t<a class=\"elementor-button elementor-button-link elementor-size-sm\" href=\"https:\/\/romanomuseum.com\/en\/despre-proiect\/\">\n\t\t\t\t\t\t<span class=\"elementor-button-content-wrapper\">\n\t\t\t\t\t\t\t\t\t<span class=\"elementor-button-text\">See more<\/span>\n\t\t\t\t\t<\/span>\n\t\t\t\t\t<\/a>\n\t\t\t\t<\/div>\n\t\t\t\t\t\t\t\t<\/div>\n\t\t\t\t<\/div>\n\t\t\t\t\t<\/div>\n\t\t<\/div>\n\t\t\t\t<div class=\"elementor-column elementor-col-50 elementor-inner-column elementor-element elementor-element-f823eca\" data-id=\"f823eca\" data-element_type=\"column\" data-e-type=\"column\">\n\t\t\t<div class=\"elementor-widget-wrap elementor-element-populated\">\n\t\t\t\t\t\t<div class=\"elementor-element elementor-element-443a3d0 elementor-invisible elementor-widget elementor-widget-image\" data-id=\"443a3d0\" data-element_type=\"widget\" data-e-type=\"widget\" data-settings=\"{&quot;_animation&quot;:&quot;fadeInRight&quot;}\" data-widget_type=\"image.default\">\n\t\t\t\t<div class=\"elementor-widget-container\">\n\t\t\t\t\t\t\t\t\t\t\t\t\t\t\t<img fetchpriority=\"high\" decoding=\"async\" width=\"1116\" height=\"900\" src=\"https:\/\/romanomuseum.com\/wp-content\/uploads\/2023\/02\/Muzeul-Virtual-al-Culturii-Rome-e1677513092841.jpeg\" class=\"attachment-full size-full wp-image-834\" alt=\"\" srcset=\"https:\/\/romanomuseum.com\/wp-content\/uploads\/2023\/02\/Muzeul-Virtual-al-Culturii-Rome-e1677513092841.jpeg 1116w, https:\/\/romanomuseum.com\/wp-content\/uploads\/2023\/02\/Muzeul-Virtual-al-Culturii-Rome-e1677513092841-300x242.jpeg 300w, https:\/\/romanomuseum.com\/wp-content\/uploads\/2023\/02\/Muzeul-Virtual-al-Culturii-Rome-e1677513092841-1024x826.jpeg 1024w, https:\/\/romanomuseum.com\/wp-content\/uploads\/2023\/02\/Muzeul-Virtual-al-Culturii-Rome-e1677513092841-768x619.jpeg 768w\" sizes=\"(max-width: 1116px) 100vw, 1116px\" \/>\t\t\t\t\t\t\t\t\t\t\t\t\t\t\t<\/div>\n\t\t\t\t<\/div>\n\t\t\t\t\t<\/div>\n\t\t<\/div>\n\t\t\t\t\t<\/div>\n\t\t<\/section>\n\t\t\t\t\t<\/div>\n\t\t<\/div>\n\t\t\t\t\t<\/div>\n\t\t<\/section>\n\t\t\t\t<section class=\"elementor-section elementor-top-section elementor-element elementor-element-1b288fd elementor-section-boxed elementor-section-height-default elementor-section-height-default\" data-id=\"1b288fd\" data-element_type=\"section\" data-e-type=\"section\" data-settings=\"{&quot;background_background&quot;:&quot;classic&quot;}\">\n\t\t\t\t\t\t<div class=\"elementor-container elementor-column-gap-default\">\n\t\t\t\t\t<div class=\"elementor-column elementor-col-100 elementor-top-column elementor-element elementor-element-c89d87a\" data-id=\"c89d87a\" data-element_type=\"column\" data-e-type=\"column\">\n\t\t\t<div class=\"elementor-widget-wrap elementor-element-populated\">\n\t\t\t\t\t\t<div class=\"elementor-element elementor-element-3510ec5 elementor-widget elementor-widget-heading\" data-id=\"3510ec5\" data-element_type=\"widget\" data-e-type=\"widget\" data-widget_type=\"heading.default\">\n\t\t\t\t<div class=\"elementor-widget-container\">\n\t\t\t\t\t<h4 class=\"elementor-heading-title elementor-size-default\"><a href=\"https:\/\/romanomuseum.com\/en\/reconstructia-miscarii-romilor-din-romania\/\">Recostruc\u021bia mi\u0219c\u0103rii romilor din Rom\u00e2nia dup\u0103 1990: dileme, obstacole, oportunit\u0103\u021bi.<\/a><\/h4>\t\t\t\t<\/div>\n\t\t\t\t<\/div>\n\t\t\t\t<div class=\"elementor-element elementor-element-6ddb866 elementor-widget elementor-widget-image\" data-id=\"6ddb866\" data-element_type=\"widget\" data-e-type=\"widget\" data-widget_type=\"image.default\">\n\t\t\t\t<div class=\"elementor-widget-container\">\n\t\t\t\t\t\t\t\t\t\t\t\t\t\t\t<img decoding=\"async\" width=\"1376\" height=\"768\" src=\"https:\/\/romanomuseum.com\/wp-content\/uploads\/2026\/02\/Coperta-2.jpg\" class=\"attachment-full size-full wp-image-2863\" alt=\"\" srcset=\"https:\/\/romanomuseum.com\/wp-content\/uploads\/2026\/02\/Coperta-2.jpg 1376w, https:\/\/romanomuseum.com\/wp-content\/uploads\/2026\/02\/Coperta-2-300x167.jpg 300w, https:\/\/romanomuseum.com\/wp-content\/uploads\/2026\/02\/Coperta-2-1024x572.jpg 1024w, https:\/\/romanomuseum.com\/wp-content\/uploads\/2026\/02\/Coperta-2-768x429.jpg 768w, https:\/\/romanomuseum.com\/wp-content\/uploads\/2026\/02\/Coperta-2-18x10.jpg 18w\" sizes=\"(max-width: 1376px) 100vw, 1376px\" \/>\t\t\t\t\t\t\t\t\t\t\t\t\t\t\t<\/div>\n\t\t\t\t<\/div>\n\t\t\t\t<div class=\"elementor-element elementor-element-75884ac elementor-align-center elementor-widget elementor-widget-button\" data-id=\"75884ac\" data-element_type=\"widget\" data-e-type=\"widget\" data-widget_type=\"button.default\">\n\t\t\t\t<div class=\"elementor-widget-container\">\n\t\t\t\t\t\t\t\t\t<div class=\"elementor-button-wrapper\">\n\t\t\t\t\t<a class=\"elementor-button elementor-button-link elementor-size-sm\" href=\"https:\/\/romanomuseum.com\/en\/reconstructia-miscarii-romilor-din-romania\/\">\n\t\t\t\t\t\t<span class=\"elementor-button-content-wrapper\">\n\t\t\t\t\t\t\t\t\t<span class=\"elementor-button-text\">Vezi interviuri<\/span>\n\t\t\t\t\t<\/span>\n\t\t\t\t\t<\/a>\n\t\t\t\t<\/div>\n\t\t\t\t\t\t\t\t<\/div>\n\t\t\t\t<\/div>\n\t\t\t\t\t<\/div>\n\t\t<\/div>\n\t\t\t\t\t<\/div>\n\t\t<\/section>\n\t\t\t\t<\/div>","protected":false},"excerpt":{"rendered":"<p>Putem mai mult \u00cempreun\u0103! Muzeul Virtual al Culturii Rromilor Intr\u0103 \u00een muzeu Intr\u0103 \u00een muzeu Intr\u0103 \u00een muzeu Despre muzeu O ini\u021biativ\u0103 care ajut\u0103 la conservarea, promovarea \u0219i dezvoltarea culturii rome. \u00cen lipsa unui muzeu fizic, am considerat foarte important\u0103 realizarea unui muzeul virtual al culturii romilor, care poate fi vizitat at\u00e2t de romi \u0219i [&hellip;]<\/p>\n","protected":false},"author":1,"featured_media":0,"parent":0,"menu_order":0,"comment_status":"closed","ping_status":"closed","template":"","meta":{"site-sidebar-layout":"no-sidebar","site-content-layout":"page-builder","ast-site-content-layout":"default","site-content-style":"default","site-sidebar-style":"default","ast-global-header-display":"","ast-banner-title-visibility":"","ast-main-header-display":"","ast-hfb-above-header-display":"","ast-hfb-below-header-display":"","ast-hfb-mobile-header-display":"","site-post-title":"disabled","ast-breadcrumbs-content":"disabled","ast-featured-img":"disabled","footer-sml-layout":"","ast-disable-related-posts":"","theme-transparent-header-meta":"enabled","adv-header-id-meta":"","stick-header-meta":"","header-above-stick-meta":"","header-main-stick-meta":"","header-below-stick-meta":"","astra-migrate-meta-layouts":"default","ast-page-background-enabled":"default","ast-page-background-meta":{"desktop":{"background-color":"","background-image":"","background-repeat":"repeat","background-position":"center center","background-size":"auto","background-attachment":"scroll","background-type":"","background-media":"","overlay-type":"","overlay-color":"","overlay-opacity":"","overlay-gradient":""},"tablet":{"background-color":"","background-image":"","background-repeat":"repeat","background-position":"center center","background-size":"auto","background-attachment":"scroll","background-type":"","background-media":"","overlay-type":"","overlay-color":"","overlay-opacity":"","overlay-gradient":""},"mobile":{"background-color":"","background-image":"","background-repeat":"repeat","background-position":"center center","background-size":"auto","background-attachment":"scroll","background-type":"","background-media":"","overlay-type":"","overlay-color":"","overlay-opacity":"","overlay-gradient":""}},"ast-content-background-meta":{"desktop":{"background-color":"var(--ast-global-color-5)","background-image":"","background-repeat":"repeat","background-position":"center center","background-size":"auto","background-attachment":"scroll","background-type":"","background-media":"","overlay-type":"","overlay-color":"","overlay-opacity":"","overlay-gradient":""},"tablet":{"background-color":"var(--ast-global-color-5)","background-image":"","background-repeat":"repeat","background-position":"center center","background-size":"auto","background-attachment":"scroll","background-type":"","background-media":"","overlay-type":"","overlay-color":"","overlay-opacity":"","overlay-gradient":""},"mobile":{"background-color":"var(--ast-global-color-5)","background-image":"","background-repeat":"repeat","background-position":"center center","background-size":"auto","background-attachment":"scroll","background-type":"","background-media":"","overlay-type":"","overlay-color":"","overlay-opacity":"","overlay-gradient":""}},"footnotes":""},"class_list":["post-6","page","type-page","status-publish","hentry"],"yoast_head":"<!-- This site is optimized with the Yoast SEO plugin v27.5 - https:\/\/yoast.com\/product\/yoast-seo-wordpress\/ -->\n<title>Romano Museum - Muzeul Virtual al Culturii Rromilor<\/title>\n<meta name=\"description\" content=\"O ini\u021biativ\u0103 realizat\u0103 \u00een cadrul proiectului \u201ePutem mai mult \u00cempreun\u0103\u201d care \u00ee\u0219i propune s\u0103 ajute la promovarea culturii rome.\" \/>\n<meta name=\"robots\" content=\"index, follow, max-snippet:-1, max-image-preview:large, max-video-preview:-1\" \/>\n<link rel=\"canonical\" href=\"https:\/\/romanomuseum.com\/en\/\" \/>\n<meta property=\"og:locale\" content=\"en_US\" \/>\n<meta property=\"og:type\" content=\"article\" \/>\n<meta property=\"og:title\" content=\"Romano Museum\" \/>\n<meta property=\"og:description\" content=\"Muzeul Virtual al Culturii Rrome\" \/>\n<meta property=\"og:url\" content=\"https:\/\/romanomuseum.com\/en\/\" \/>\n<meta property=\"og:site_name\" content=\"Romano Museum\" \/>\n<meta property=\"article:publisher\" content=\"https:\/\/www.facebook.com\/PutemMaiMultImpreuna\" \/>\n<meta property=\"article:modified_time\" content=\"2026-02-26T08:52:44+00:00\" \/>\n<meta property=\"og:image\" content=\"https:\/\/romanomuseum.com\/wp-content\/uploads\/2023\/02\/Muzeul-Virtual-al-Culturii-Rome-e1677513092841.jpeg\" \/>\n\t<meta property=\"og:image:width\" content=\"1116\" \/>\n\t<meta property=\"og:image:height\" content=\"900\" \/>\n\t<meta property=\"og:image:type\" content=\"image\/jpeg\" \/>\n<meta name=\"twitter:card\" content=\"summary_large_image\" \/>\n<meta name=\"twitter:title\" content=\"Romano Museum\" \/>\n<meta name=\"twitter:description\" content=\"Muzeul Virtual al Culturii Rrome\" \/>\n<meta name=\"twitter:image\" content=\"https:\/\/romanomuseum.com\/wp-content\/uploads\/2023\/02\/Muzeul-Virtual-al-Culturii-Rome-e1677513092841.jpeg\" \/>\n<meta name=\"twitter:label1\" content=\"Est. reading time\" \/>\n\t<meta name=\"twitter:data1\" content=\"1 minute\" \/>\n<script type=\"application\/ld+json\" class=\"yoast-schema-graph\">{\"@context\":\"https:\\\/\\\/schema.org\",\"@graph\":[{\"@type\":\"WebPage\",\"@id\":\"https:\\\/\\\/romanomuseum.com\\\/\",\"url\":\"https:\\\/\\\/romanomuseum.com\\\/\",\"name\":\"Romano Museum - Muzeul Virtual al Culturii Rromilor\",\"isPartOf\":{\"@id\":\"https:\\\/\\\/romanomuseum.com\\\/#website\"},\"primaryImageOfPage\":{\"@id\":\"https:\\\/\\\/romanomuseum.com\\\/#primaryimage\"},\"image\":{\"@id\":\"https:\\\/\\\/romanomuseum.com\\\/#primaryimage\"},\"thumbnailUrl\":\"https:\\\/\\\/romanomuseum.com\\\/wp-content\\\/uploads\\\/2023\\\/02\\\/Muzeul-Virtual-al-Culturii-Rome-e1677513092841.jpeg\",\"datePublished\":\"2021-02-23T10:03:28+00:00\",\"dateModified\":\"2026-02-26T08:52:44+00:00\",\"description\":\"O ini\u021biativ\u0103 realizat\u0103 \u00een cadrul proiectului \u201ePutem mai mult \u00cempreun\u0103\u201d care \u00ee\u0219i propune s\u0103 ajute la promovarea culturii rome.\",\"breadcrumb\":{\"@id\":\"https:\\\/\\\/romanomuseum.com\\\/#breadcrumb\"},\"inLanguage\":\"en-US\",\"potentialAction\":[{\"@type\":\"ReadAction\",\"target\":[\"https:\\\/\\\/romanomuseum.com\\\/\"]}]},{\"@type\":\"ImageObject\",\"inLanguage\":\"en-US\",\"@id\":\"https:\\\/\\\/romanomuseum.com\\\/#primaryimage\",\"url\":\"https:\\\/\\\/romanomuseum.com\\\/wp-content\\\/uploads\\\/2023\\\/02\\\/Muzeul-Virtual-al-Culturii-Rome-e1677513092841.jpeg\",\"contentUrl\":\"https:\\\/\\\/romanomuseum.com\\\/wp-content\\\/uploads\\\/2023\\\/02\\\/Muzeul-Virtual-al-Culturii-Rome-e1677513092841.jpeg\"},{\"@type\":\"BreadcrumbList\",\"@id\":\"https:\\\/\\\/romanomuseum.com\\\/#breadcrumb\",\"itemListElement\":[{\"@type\":\"ListItem\",\"position\":1,\"name\":\"Home\",\"item\":\"https:\\\/\\\/romanomuseum.com\\\/\"},{\"@type\":\"ListItem\",\"position\":2,\"name\":\"Acasa\"}]},{\"@type\":\"WebSite\",\"@id\":\"https:\\\/\\\/romanomuseum.com\\\/#website\",\"url\":\"https:\\\/\\\/romanomuseum.com\\\/\",\"name\":\"Romano Museum\",\"description\":\"Muzeul Virtual al Culturii Rromilor\",\"potentialAction\":[{\"@type\":\"SearchAction\",\"target\":{\"@type\":\"EntryPoint\",\"urlTemplate\":\"https:\\\/\\\/romanomuseum.com\\\/?s={search_term_string}\"},\"query-input\":{\"@type\":\"PropertyValueSpecification\",\"valueRequired\":true,\"valueName\":\"search_term_string\"}}],\"inLanguage\":\"en-US\"}]}<\/script>\n<!-- \/ Yoast SEO plugin. -->","yoast_head_json":{"title":"Romano Museum - Muzeul Virtual al Culturii Rromilor","description":"O ini\u021biativ\u0103 realizat\u0103 \u00een cadrul proiectului \u201ePutem mai mult \u00cempreun\u0103\u201d care \u00ee\u0219i propune s\u0103 ajute la promovarea culturii rome.","robots":{"index":"index","follow":"follow","max-snippet":"max-snippet:-1","max-image-preview":"max-image-preview:large","max-video-preview":"max-video-preview:-1"},"canonical":"https:\/\/romanomuseum.com\/en\/","og_locale":"en_US","og_type":"article","og_title":"Romano Museum","og_description":"Muzeul Virtual al Culturii Rrome","og_url":"https:\/\/romanomuseum.com\/en\/","og_site_name":"Romano Museum","article_publisher":"https:\/\/www.facebook.com\/PutemMaiMultImpreuna","article_modified_time":"2026-02-26T08:52:44+00:00","og_image":[{"width":1116,"height":900,"url":"https:\/\/romanomuseum.com\/wp-content\/uploads\/2023\/02\/Muzeul-Virtual-al-Culturii-Rome-e1677513092841.jpeg","type":"image\/jpeg"}],"twitter_card":"summary_large_image","twitter_title":"Romano Museum","twitter_description":"Muzeul Virtual al Culturii Rrome","twitter_image":"https:\/\/romanomuseum.com\/wp-content\/uploads\/2023\/02\/Muzeul-Virtual-al-Culturii-Rome-e1677513092841.jpeg","twitter_misc":{"Est. reading time":"1 minute"},"schema":{"@context":"https:\/\/schema.org","@graph":[{"@type":"WebPage","@id":"https:\/\/romanomuseum.com\/","url":"https:\/\/romanomuseum.com\/","name":"Romano Museum - Muzeul Virtual al Culturii Rromilor","isPartOf":{"@id":"https:\/\/romanomuseum.com\/#website"},"primaryImageOfPage":{"@id":"https:\/\/romanomuseum.com\/#primaryimage"},"image":{"@id":"https:\/\/romanomuseum.com\/#primaryimage"},"thumbnailUrl":"https:\/\/romanomuseum.com\/wp-content\/uploads\/2023\/02\/Muzeul-Virtual-al-Culturii-Rome-e1677513092841.jpeg","datePublished":"2021-02-23T10:03:28+00:00","dateModified":"2026-02-26T08:52:44+00:00","description":"O ini\u021biativ\u0103 realizat\u0103 \u00een cadrul proiectului \u201ePutem mai mult \u00cempreun\u0103\u201d care \u00ee\u0219i propune s\u0103 ajute la promovarea culturii rome.","breadcrumb":{"@id":"https:\/\/romanomuseum.com\/#breadcrumb"},"inLanguage":"en-US","potentialAction":[{"@type":"ReadAction","target":["https:\/\/romanomuseum.com\/"]}]},{"@type":"ImageObject","inLanguage":"en-US","@id":"https:\/\/romanomuseum.com\/#primaryimage","url":"https:\/\/romanomuseum.com\/wp-content\/uploads\/2023\/02\/Muzeul-Virtual-al-Culturii-Rome-e1677513092841.jpeg","contentUrl":"https:\/\/romanomuseum.com\/wp-content\/uploads\/2023\/02\/Muzeul-Virtual-al-Culturii-Rome-e1677513092841.jpeg"},{"@type":"BreadcrumbList","@id":"https:\/\/romanomuseum.com\/#breadcrumb","itemListElement":[{"@type":"ListItem","position":1,"name":"Home","item":"https:\/\/romanomuseum.com\/"},{"@type":"ListItem","position":2,"name":"Acasa"}]},{"@type":"WebSite","@id":"https:\/\/romanomuseum.com\/#website","url":"https:\/\/romanomuseum.com\/","name":"Romano Museum","description":"Virtual Museum of Roma Culture","potentialAction":[{"@type":"SearchAction","target":{"@type":"EntryPoint","urlTemplate":"https:\/\/romanomuseum.com\/?s={search_term_string}"},"query-input":{"@type":"PropertyValueSpecification","valueRequired":true,"valueName":"search_term_string"}}],"inLanguage":"en-US"}]}},"_links":{"self":[{"href":"https:\/\/romanomuseum.com\/en\/wp-json\/wp\/v2\/pages\/6","targetHints":{"allow":["GET"]}}],"collection":[{"href":"https:\/\/romanomuseum.com\/en\/wp-json\/wp\/v2\/pages"}],"about":[{"href":"https:\/\/romanomuseum.com\/en\/wp-json\/wp\/v2\/types\/page"}],"author":[{"embeddable":true,"href":"https:\/\/romanomuseum.com\/en\/wp-json\/wp\/v2\/users\/1"}],"replies":[{"embeddable":true,"href":"https:\/\/romanomuseum.com\/en\/wp-json\/wp\/v2\/comments?post=6"}],"version-history":[{"count":207,"href":"https:\/\/romanomuseum.com\/en\/wp-json\/wp\/v2\/pages\/6\/revisions"}],"predecessor-version":[{"id":2866,"href":"https:\/\/romanomuseum.com\/en\/wp-json\/wp\/v2\/pages\/6\/revisions\/2866"}],"wp:attachment":[{"href":"https:\/\/romanomuseum.com\/en\/wp-json\/wp\/v2\/media?parent=6"}],"curies":[{"name":"wp","href":"https:\/\/api.w.org\/{rel}","templated":true}]}}